{"id":18,"date":"2022-10-18T09:53:43","date_gmt":"2022-10-18T07:53:43","guid":{"rendered":"https:\/\/pze.msoft.de\/landing\/?page_id=18"},"modified":"2025-07-29T14:26:50","modified_gmt":"2025-07-29T12:26:50","slug":"msoft-software-loesungen-fuer-handwerk","status":"publish","type":"page","link":"https:\/\/pze.msoft.de\/landing\/","title":{"rendered":"M-SOFT Software-L\u00f6sungen f\u00fcr das Handwerk"},"content":{"rendered":"\t\t<div data-elementor-type=\"wp-page\" data-elementor-id=\"18\" class=\"elementor elementor-18\">\n\t\t\t\t\t\t<section class=\"elementor-section elementor-top-section elementor-element elementor-element-ac6d89d elementor-section-height-full elementor-section-items-top elementor-section-boxed elementor-section-height-default\" data-id=\"ac6d89d\" data-element_type=\"section\" data-e-type=\"section\" data-settings=\"{&quot;background_background&quot;:&quot;classic&quot;}\">\n\t\t\t\t\t\t<div class=\"elementor-container elementor-column-gap-default\">\n\t\t\t\t\t<div class=\"elementor-column elementor-col-100 elementor-top-column elementor-element elementor-element-bd10b63\" data-id=\"bd10b63\" data-element_type=\"column\" data-e-type=\"column\">\n\t\t\t<div class=\"elementor-widget-wrap elementor-element-populated\">\n\t\t\t\t\t\t<div class=\"elementor-element elementor-element-1608ae1 elementor-widget elementor-widget-heading\" data-id=\"1608ae1\" data-element_type=\"widget\" data-e-type=\"widget\" data-widget_type=\"heading.default\">\n\t\t\t\t<div class=\"elementor-widget-container\">\n\t\t\t\t\t<h2 class=\"elementor-heading-title elementor-size-default\">Modulare Softwarekomponenten aufeinander abgestimmt<\/h2>\t\t\t\t<\/div>\n\t\t\t\t<\/div>\n\t\t\t\t<div class=\"elementor-element elementor-element-2357391 elementor-widget elementor-widget-heading\" data-id=\"2357391\" data-element_type=\"widget\" data-e-type=\"widget\" data-widget_type=\"heading.default\">\n\t\t\t\t<div class=\"elementor-widget-container\">\n\t\t\t\t\t<h2 class=\"elementor-heading-title elementor-size-default\">ERP\/PPS-Software, Lohnbuchhaltung, Zeiterfassung und Dokumenten-Management-System (DMS)<\/h2>\t\t\t\t<\/div>\n\t\t\t\t<\/div>\n\t\t\t\t<div class=\"elementor-element elementor-element-beaab22 elementor-widget elementor-widget-spacer\" data-id=\"beaab22\" data-element_type=\"widget\" data-e-type=\"widget\" data-widget_type=\"spacer.default\">\n\t\t\t\t<div class=\"elementor-widget-container\">\n\t\t\t\t\t\t\t<div class=\"elementor-spacer\">\n\t\t\t<div class=\"elementor-spacer-inner\"><\/div>\n\t\t<\/div>\n\t\t\t\t\t\t<\/div>\n\t\t\t\t<\/div>\n\t\t\t\t<div class=\"elementor-element elementor-element-630503d elementor-align-center elementor-invisible elementor-widget elementor-widget-button\" data-id=\"630503d\" data-element_type=\"widget\" data-e-type=\"widget\" data-settings=\"{&quot;_animation&quot;:&quot;bounceIn&quot;}\" data-widget_type=\"button.default\">\n\t\t\t\t<div class=\"elementor-widget-container\">\n\t\t\t\t\t\t\t\t\t<div class=\"elementor-button-wrapper\">\n\t\t\t\t\t<a class=\"elementor-button elementor-button-link elementor-size-xl\" href=\"https:\/\/pze.msoft.de\/landing\/umsteiger-dach-und-holz\/\">\n\t\t\t\t\t\t<span class=\"elementor-button-content-wrapper\">\n\t\t\t\t\t\t\t\t\t<span class=\"elementor-button-text\">Jetzt wechseln<\/span>\n\t\t\t\t\t<\/span>\n\t\t\t\t\t<\/a>\n\t\t\t\t<\/div>\n\t\t\t\t\t\t\t\t<\/div>\n\t\t\t\t<\/div>\n\t\t\t\t\t<\/div>\n\t\t<\/div>\n\t\t\t\t\t<\/div>\n\t\t<\/section>\n\t\t\t\t<section class=\"elementor-section elementor-top-section elementor-element elementor-element-0886486 elementor-section-boxed elementor-section-height-default elementor-section-height-default\" data-id=\"0886486\" data-element_type=\"section\" data-e-type=\"section\">\n\t\t\t\t\t\t<div class=\"elementor-container elementor-column-gap-default\">\n\t\t\t\t\t<div class=\"elementor-column elementor-col-100 elementor-top-column elementor-element elementor-element-bb17cba\" data-id=\"bb17cba\" data-element_type=\"column\" data-e-type=\"column\">\n\t\t\t<div class=\"elementor-widget-wrap elementor-element-populated\">\n\t\t\t\t\t\t<div class=\"elementor-element elementor-element-b3ce53b elementor-widget elementor-widget-spacer\" data-id=\"b3ce53b\" data-element_type=\"widget\" data-e-type=\"widget\" data-widget_type=\"spacer.default\">\n\t\t\t\t<div class=\"elementor-widget-container\">\n\t\t\t\t\t\t\t<div class=\"elementor-spacer\">\n\t\t\t<div class=\"elementor-spacer-inner\"><\/div>\n\t\t<\/div>\n\t\t\t\t\t\t<\/div>\n\t\t\t\t<\/div>\n\t\t\t\t\t<\/div>\n\t\t<\/div>\n\t\t\t\t\t<\/div>\n\t\t<\/section>\n\t\t\t\t<section class=\"elementor-section elementor-top-section elementor-element elementor-element-feeabc0 elementor-section-boxed elementor-section-height-default elementor-section-height-default\" data-id=\"feeabc0\" data-element_type=\"section\" data-e-type=\"section\">\n\t\t\t\t\t\t<div class=\"elementor-container elementor-column-gap-default\">\n\t\t\t\t\t<div class=\"elementor-column elementor-col-100 elementor-top-column elementor-element elementor-element-9ddf64b\" data-id=\"9ddf64b\" data-element_type=\"column\" data-e-type=\"column\">\n\t\t\t<div class=\"elementor-widget-wrap elementor-element-populated\">\n\t\t\t\t\t\t<div class=\"elementor-element elementor-element-e823bb3 elementor-widget elementor-widget-mgposts_dslider\" data-id=\"e823bb3\" data-element_type=\"widget\" data-e-type=\"widget\" data-settings=\"{&quot;mgps_slide_effect&quot;:&quot;fade&quot;,&quot;mgps_slide_direction&quot;:&quot;horizontal&quot;,&quot;mgps_animation_speed&quot;:1000,&quot;mgps_autoplay&quot;:&quot;yes&quot;,&quot;mgps_autoplay_speed&quot;:3000,&quot;mgps_loop&quot;:&quot;yes&quot;,&quot;mgps_grab_cursor&quot;:&quot;yes&quot;}\" data-widget_type=\"mgposts_dslider.default\">\n\t\t\t\t<div class=\"elementor-widget-container\">\n\t\t\t\t\t\n            <div class=\"mgps-main mgps-layout-style_one swiper swiper-container\" data-loop=\"true\" data-effect=\"fade\" data-direction=\"horizontal\" data-speed=\"1000\" data-autoplay=\"true\" data-auto-delay=\"3000\" data-grab-cursor=\"true\" data-nav=\"true\" data-dots=\"false\">\n                <!-- Additional required wrapper -->\n                <div class=\"swiper-wrapper mgps-fade\">\n                            <!-- Slides -->\n        <div class=\"swiper-slide mgs-item\">\n            <div class=\"mgse-img-before\">\n                                    <img fetchpriority=\"high\" decoding=\"async\" width=\"1024\" height=\"683\" src=\"https:\/\/pze.msoft.de\/landing\/wp-content\/uploads\/sites\/6\/2022\/10\/m-soft-landingbackground-construction-1024x683.jpg\" class=\"mgps-img wp-post-image\" alt=\"\" srcset=\"https:\/\/pze.msoft.de\/landing\/wp-content\/uploads\/sites\/6\/2022\/10\/m-soft-landingbackground-construction-1024x683.jpg 1024w, https:\/\/pze.msoft.de\/landing\/wp-content\/uploads\/sites\/6\/2022\/10\/m-soft-landingbackground-construction-300x200.jpg 300w, https:\/\/pze.msoft.de\/landing\/wp-content\/uploads\/sites\/6\/2022\/10\/m-soft-landingbackground-construction-768x512.jpg 768w, https:\/\/pze.msoft.de\/landing\/wp-content\/uploads\/sites\/6\/2022\/10\/m-soft-landingbackground-construction-1536x1024.jpg 1536w, https:\/\/pze.msoft.de\/landing\/wp-content\/uploads\/sites\/6\/2022\/10\/m-soft-landingbackground-construction.jpg 1920w\" sizes=\"(max-width: 1024px) 100vw, 1024px\" \/>                            <\/div>\n                            <div class=\"mgs-content mgst-center mgs-overlay\">\n                                                                <h2 class=\"mgs-title\" data-swiper-parallax-scale=\"0.15\">Dokumenten-Management-Software<\/h2>\n                                                                <p class=\"mgs-subtitle\" data-swiper-parallax-opacity=\"0.5\">\n                            Rechtssichere digitale Archivierung nach GoBD mit unserer Dokumenten-Management-System (DMS)Alles aus einer HandBranchensoftware \/ Auftragsbearbeitung, mobile Projekt- und Personalzeiterfassung, Dokumenten-Management-SystemDachdeckersoftware mit                        <\/p>\n                                        \r\n                    <a href=\"https:\/\/pze.msoft.de\/landing\/dokumenten-management-software\/\" target=\"_self\" class=\"mp-post-btn btn btn-outline-light\">Bonus beanspruchen<\/a>\r\n        \r\n\r\n                    <\/div>\n                    <\/div>\n            <!-- Slides -->\n        <div class=\"swiper-slide mgs-item\">\n            <div class=\"mgse-img-before\">\n                                    <img decoding=\"async\" width=\"1024\" height=\"683\" src=\"https:\/\/pze.msoft.de\/landing\/wp-content\/uploads\/sites\/6\/2022\/10\/m-soft_wechselbonus-1024x683.jpg\" class=\"mgps-img wp-post-image\" alt=\"M-Soft Wechselbonus\" srcset=\"https:\/\/pze.msoft.de\/landing\/wp-content\/uploads\/sites\/6\/2022\/10\/m-soft_wechselbonus-1024x683.jpg 1024w, https:\/\/pze.msoft.de\/landing\/wp-content\/uploads\/sites\/6\/2022\/10\/m-soft_wechselbonus-300x200.jpg 300w, https:\/\/pze.msoft.de\/landing\/wp-content\/uploads\/sites\/6\/2022\/10\/m-soft_wechselbonus-768x512.jpg 768w, https:\/\/pze.msoft.de\/landing\/wp-content\/uploads\/sites\/6\/2022\/10\/m-soft_wechselbonus-1536x1024.jpg 1536w, https:\/\/pze.msoft.de\/landing\/wp-content\/uploads\/sites\/6\/2022\/10\/m-soft_wechselbonus.jpg 1920w\" sizes=\"(max-width: 1024px) 100vw, 1024px\" \/>                            <\/div>\n                            <div class=\"mgs-content mgst-center mgs-overlay\">\n                                                                <h2 class=\"mgs-title\" data-swiper-parallax-scale=\"0.15\">Umsteiger &#8211; Dach und Holz<\/h2>\n                                                                <p class=\"mgs-subtitle\" data-swiper-parallax-opacity=\"0.5\">\n                            Modulare Softwarekomponenten aufeinander abgestimmt ERP\/PPS-Software, Lohnbuchhaltung, Zeiterfassung und Dokumenten-Management-System (DMS) Alles aus einer Hand Branchensoftware \/ Auftragsbearbeitung, mobile Projekt- und                        <\/p>\n                                        \r\n                    <a href=\"https:\/\/pze.msoft.de\/landing\/umsteiger-dach-und-holz\/\" target=\"_self\" class=\"mp-post-btn btn btn-outline-light\">Bonus beanspruchen<\/a>\r\n        \r\n\r\n                    <\/div>\n                    <\/div>\n                    <\/div>\n                \n                                    <div class=\"swiper-button-prev\">\n                        <i class=\"fas fa-angle-left\"><\/i>                    <\/div>\n                    <div class=\"swiper-button-next\">\n                        <i class=\"fas fa-angle-right\"><\/i>                    <\/div>\n                \n                <!-- If we need scrollbar \n    <div class=\"swiper-scrollbar\"><\/div>\n    -->\n            <\/div>\n\n\n        \t\t\t\t<\/div>\n\t\t\t\t<\/div>\n\t\t\t\t\t<\/div>\n\t\t<\/div>\n\t\t\t\t\t<\/div>\n\t\t<\/section>\n\t\t\t\t<section class=\"elementor-section elementor-top-section elementor-element elementor-element-0d0d5e0 elementor-section-boxed elementor-section-height-default elementor-section-height-default\" data-id=\"0d0d5e0\" data-element_type=\"section\" data-e-type=\"section\">\n\t\t\t\t\t\t<div class=\"elementor-container elementor-column-gap-default\">\n\t\t\t\t\t<div class=\"elementor-column elementor-col-100 elementor-top-column elementor-element elementor-element-d925ef2\" data-id=\"d925ef2\" data-element_type=\"column\" data-e-type=\"column\">\n\t\t\t<div class=\"elementor-widget-wrap elementor-element-populated\">\n\t\t\t\t\t\t<div class=\"elementor-element elementor-element-3c01e1e elementor-widget elementor-widget-spacer\" data-id=\"3c01e1e\" data-element_type=\"widget\" data-e-type=\"widget\" data-widget_type=\"spacer.default\">\n\t\t\t\t<div class=\"elementor-widget-container\">\n\t\t\t\t\t\t\t<div class=\"elementor-spacer\">\n\t\t\t<div class=\"elementor-spacer-inner\"><\/div>\n\t\t<\/div>\n\t\t\t\t\t\t<\/div>\n\t\t\t\t<\/div>\n\t\t\t\t\t<\/div>\n\t\t<\/div>\n\t\t\t\t\t<\/div>\n\t\t<\/section>\n\t\t\t\t<\/div>\n\t\t","protected":false},"excerpt":{"rendered":"<p>Modulare Softwarekomponenten aufeinander abgestimmt ERP\/PPS-Software, Lohnbuchhaltung, Zeiterfassung und Dokumenten-Management-System (DMS) Jetzt wechseln Dokumenten-Management-Software Rechtssichere digitale Archivierung nach GoBD mit unserer Dokumenten-Management-System (DMS)Alles aus einer HandBranchensoftware \/ Auftragsbearbeitung, mobile Projekt- und Personalzeiterfassung, Dokumenten-Management-SystemDachdeckersoftware mit Bonus beanspruchen Umsteiger \u2013 Dach und Holz Modulare Softwarekomponenten aufeinander abgestimmt ERP\/PPS-Software, Lohnbuchhaltung, Zeiterfassung und Dokumenten-Management-System (DMS) Alles aus einer Hand Branchensoftware [&hellip;]<\/p>\n","protected":false},"author":3,"featured_media":0,"parent":0,"menu_order":0,"comment_status":"closed","ping_status":"closed","template":"elementor_header_footer","meta":{"inline_featured_image":false,"site-sidebar-layout":"no-sidebar","site-content-layout":"page-builder","ast-site-content-layout":"full-width-container","site-content-style":"unboxed","site-sidebar-style":"unboxed","ast-global-header-display":"","ast-banner-title-visibility":"","ast-main-header-display":"","ast-hfb-above-header-display":"","ast-hfb-below-header-display":"","ast-hfb-mobile-header-display":"","site-post-title":"disabled","ast-breadcrumbs-content":"","ast-featured-img":"disabled","footer-sml-layout":"","ast-disable-related-posts":"","theme-transparent-header-meta":"default","adv-header-id-meta":"","stick-header-meta":"","header-above-stick-meta":"","header-main-stick-meta":"","header-below-stick-meta":"","astra-migrate-meta-layouts":"set","ast-page-background-enabled":"default","ast-page-background-meta":{"desktop":{"background-color":"var(--ast-global-color-4)","background-image":"","background-repeat":"repeat","background-position":"center center","background-size":"auto","background-attachment":"scroll","background-type":"","background-media":"","overlay-type":"","overlay-color":"","overlay-opacity":"","overlay-gradient":""},"tablet":{"background-color":"","background-image":"","background-repeat":"repeat","background-position":"center center","background-size":"auto","background-attachment":"scroll","background-type":"","background-media":"","overlay-type":"","overlay-color":"","overlay-opacity":"","overlay-gradient":""},"mobile":{"background-color":"","background-image":"","background-repeat":"repeat","background-position":"center center","background-size":"auto","background-attachment":"scroll","background-type":"","background-media":"","overlay-type":"","overlay-color":"","overlay-opacity":"","overlay-gradient":""}},"ast-content-background-meta":{"desktop":{"background-color":"var(--ast-global-color-5)","background-image":"","background-repeat":"repeat","background-position":"center center","background-size":"auto","background-attachment":"scroll","background-type":"","background-media":"","overlay-type":"","overlay-color":"","overlay-opacity":"","overlay-gradient":""},"tablet":{"background-color":"var(--ast-global-color-5)","background-image":"","background-repeat":"repeat","background-position":"center center","background-size":"auto","background-attachment":"scroll","background-type":"","background-media":"","overlay-type":"","overlay-color":"","overlay-opacity":"","overlay-gradient":""},"mobile":{"background-color":"var(--ast-global-color-5)","background-image":"","background-repeat":"repeat","background-position":"center center","background-size":"auto","background-attachment":"scroll","background-type":"","background-media":"","overlay-type":"","overlay-color":"","overlay-opacity":"","overlay-gradient":""}},"footnotes":""},"class_list":["post-18","page","type-page","status-publish","hentry"],"yoast_head":"<!-- This site is optimized with the Yoast SEO plugin v27.3 - https:\/\/yoast.com\/product\/yoast-seo-wordpress\/ -->\n<title>M-SOFT Software-L\u00f6sungen f\u00fcr das Handwerk und Handel<\/title>\n<meta name=\"description\" content=\"M\u2022SOFT Software-L\u00f6sungen f\u00fcr Dachdecker, Holzbau, Zimmerei, Elektro, SHK, Metallbau und Anlagen &amp; Maschinenbau sowie Handel\" \/>\n<meta name=\"robots\" content=\"noindex, follow, max-snippet:-1, max-image-preview:large, max-video-preview:-1\" \/>\n<meta property=\"og:locale\" content=\"de_DE\" \/>\n<meta property=\"og:type\" content=\"article\" \/>\n<meta property=\"og:title\" content=\"M-SOFT Software-L\u00f6sungen f\u00fcr das Handwerk und Handel\" \/>\n<meta property=\"og:description\" content=\"M\u2022SOFT Software-L\u00f6sungen f\u00fcr Dachdecker, Holzbau, Zimmerei, Elektro, SHK, Metallbau und Anlagen &amp; Maschinenbau sowie Handel\" \/>\n<meta property=\"og:url\" content=\"https:\/\/pze.msoft.de\/landing\/\" \/>\n<meta property=\"og:site_name\" content=\"M-SOFT Software-L\u00f6sungen\" \/>\n<meta property=\"article:modified_time\" content=\"2025-07-29T12:26:50+00:00\" \/>\n<meta property=\"og:image\" content=\"https:\/\/pze.msoft.de\/landing\/wp-content\/uploads\/sites\/6\/2022\/10\/m-soft-landingbackground-construction-1024x683.jpg\" \/>\n<meta name=\"twitter:card\" content=\"summary_large_image\" \/>\n<meta name=\"twitter:label1\" content=\"Gesch\u00e4tzte Lesezeit\" \/>\n\t<meta name=\"twitter:data1\" content=\"1\u00a0Minute\" \/>\n<script type=\"application\/ld+json\" class=\"yoast-schema-graph\">{\"@context\":\"https:\\\/\\\/schema.org\",\"@graph\":[{\"@type\":\"WebPage\",\"@id\":\"https:\\\/\\\/pze.msoft.de\\\/landing\\\/\",\"url\":\"https:\\\/\\\/pze.msoft.de\\\/landing\\\/\",\"name\":\"M-SOFT Software-L\u00f6sungen f\u00fcr das Handwerk und Handel\",\"isPartOf\":{\"@id\":\"https:\\\/\\\/pze.msoft.de\\\/landing\\\/#website\"},\"primaryImageOfPage\":{\"@id\":\"https:\\\/\\\/pze.msoft.de\\\/landing\\\/#primaryimage\"},\"image\":{\"@id\":\"https:\\\/\\\/pze.msoft.de\\\/landing\\\/#primaryimage\"},\"thumbnailUrl\":\"https:\\\/\\\/pze.msoft.de\\\/landing\\\/wp-content\\\/uploads\\\/sites\\\/6\\\/2022\\\/10\\\/m-soft-landingbackground-construction-1024x683.jpg\",\"datePublished\":\"2022-10-18T07:53:43+00:00\",\"dateModified\":\"2025-07-29T12:26:50+00:00\",\"description\":\"M\u2022SOFT Software-L\u00f6sungen f\u00fcr Dachdecker, Holzbau, Zimmerei, Elektro, SHK, Metallbau und Anlagen & Maschinenbau sowie Handel\",\"breadcrumb\":{\"@id\":\"https:\\\/\\\/pze.msoft.de\\\/landing\\\/#breadcrumb\"},\"inLanguage\":\"de\",\"potentialAction\":[{\"@type\":\"ReadAction\",\"target\":[\"https:\\\/\\\/pze.msoft.de\\\/landing\\\/\"]}]},{\"@type\":\"ImageObject\",\"inLanguage\":\"de\",\"@id\":\"https:\\\/\\\/pze.msoft.de\\\/landing\\\/#primaryimage\",\"url\":\"https:\\\/\\\/pze.msoft.de\\\/landing\\\/wp-content\\\/uploads\\\/sites\\\/6\\\/2022\\\/10\\\/m-soft-landingbackground-construction.jpg\",\"contentUrl\":\"https:\\\/\\\/pze.msoft.de\\\/landing\\\/wp-content\\\/uploads\\\/sites\\\/6\\\/2022\\\/10\\\/m-soft-landingbackground-construction.jpg\",\"width\":1920,\"height\":1280},{\"@type\":\"BreadcrumbList\",\"@id\":\"https:\\\/\\\/pze.msoft.de\\\/landing\\\/#breadcrumb\",\"itemListElement\":[{\"@type\":\"ListItem\",\"position\":1,\"name\":\"Startseite\",\"item\":\"https:\\\/\\\/pze.msoft.de\\\/landing\\\/\"},{\"@type\":\"ListItem\",\"position\":2,\"name\":\"M-SOFT Software-L\u00f6sungen f\u00fcr das Handwerk\"}]},{\"@type\":\"WebSite\",\"@id\":\"https:\\\/\\\/pze.msoft.de\\\/landing\\\/#website\",\"url\":\"https:\\\/\\\/pze.msoft.de\\\/landing\\\/\",\"name\":\"M-SOFT Software-L\u00f6sungen\",\"description\":\"Digitale Branchenl\u00f6sungen f\u00fcr Dachdecker, Holzbau, Zimmerei, Elektro, SHK, Metallbau und Anlagen &amp; Maschinenbau sowie Handel\",\"publisher\":{\"@id\":\"https:\\\/\\\/pze.msoft.de\\\/landing\\\/#organization\"},\"potentialAction\":[{\"@type\":\"SearchAction\",\"target\":{\"@type\":\"EntryPoint\",\"urlTemplate\":\"https:\\\/\\\/pze.msoft.de\\\/landing\\\/?s={search_term_string}\"},\"query-input\":{\"@type\":\"PropertyValueSpecification\",\"valueRequired\":true,\"valueName\":\"search_term_string\"}}],\"inLanguage\":\"de\"},{\"@type\":\"Organization\",\"@id\":\"https:\\\/\\\/pze.msoft.de\\\/landing\\\/#organization\",\"name\":\"M-SOFT Software-L\u00f6sungen\",\"url\":\"https:\\\/\\\/pze.msoft.de\\\/landing\\\/\",\"logo\":{\"@type\":\"ImageObject\",\"inLanguage\":\"de\",\"@id\":\"https:\\\/\\\/pze.msoft.de\\\/landing\\\/#\\\/schema\\\/logo\\\/image\\\/\",\"url\":\"https:\\\/\\\/pze.msoft.de\\\/landing\\\/wp-content\\\/uploads\\\/sites\\\/6\\\/2024\\\/12\\\/M-SOFT@2x.png\",\"contentUrl\":\"https:\\\/\\\/pze.msoft.de\\\/landing\\\/wp-content\\\/uploads\\\/sites\\\/6\\\/2024\\\/12\\\/M-SOFT@2x.png\",\"width\":768,\"height\":222,\"caption\":\"M-SOFT Software-L\u00f6sungen\"},\"image\":{\"@id\":\"https:\\\/\\\/pze.msoft.de\\\/landing\\\/#\\\/schema\\\/logo\\\/image\\\/\"}}]}<\/script>\n<!-- \/ Yoast SEO plugin. -->","yoast_head_json":{"title":"M-SOFT Software-L\u00f6sungen f\u00fcr das Handwerk und Handel","description":"M\u2022SOFT Software-L\u00f6sungen f\u00fcr Dachdecker, Holzbau, Zimmerei, Elektro, SHK, Metallbau und Anlagen & Maschinenbau sowie Handel","robots":{"index":"noindex","follow":"follow","max-snippet":"max-snippet:-1","max-image-preview":"max-image-preview:large","max-video-preview":"max-video-preview:-1"},"og_locale":"de_DE","og_type":"article","og_title":"M-SOFT Software-L\u00f6sungen f\u00fcr das Handwerk und Handel","og_description":"M\u2022SOFT Software-L\u00f6sungen f\u00fcr Dachdecker, Holzbau, Zimmerei, Elektro, SHK, Metallbau und Anlagen & Maschinenbau sowie Handel","og_url":"https:\/\/pze.msoft.de\/landing\/","og_site_name":"M-SOFT Software-L\u00f6sungen","article_modified_time":"2025-07-29T12:26:50+00:00","og_image":[{"url":"https:\/\/pze.msoft.de\/landing\/wp-content\/uploads\/sites\/6\/2022\/10\/m-soft-landingbackground-construction-1024x683.jpg","type":"","width":"","height":""}],"twitter_card":"summary_large_image","twitter_misc":{"Gesch\u00e4tzte Lesezeit":"1\u00a0Minute"},"schema":{"@context":"https:\/\/schema.org","@graph":[{"@type":"WebPage","@id":"https:\/\/pze.msoft.de\/landing\/","url":"https:\/\/pze.msoft.de\/landing\/","name":"M-SOFT Software-L\u00f6sungen f\u00fcr das Handwerk und Handel","isPartOf":{"@id":"https:\/\/pze.msoft.de\/landing\/#website"},"primaryImageOfPage":{"@id":"https:\/\/pze.msoft.de\/landing\/#primaryimage"},"image":{"@id":"https:\/\/pze.msoft.de\/landing\/#primaryimage"},"thumbnailUrl":"https:\/\/pze.msoft.de\/landing\/wp-content\/uploads\/sites\/6\/2022\/10\/m-soft-landingbackground-construction-1024x683.jpg","datePublished":"2022-10-18T07:53:43+00:00","dateModified":"2025-07-29T12:26:50+00:00","description":"M\u2022SOFT Software-L\u00f6sungen f\u00fcr Dachdecker, Holzbau, Zimmerei, Elektro, SHK, Metallbau und Anlagen & Maschinenbau sowie Handel","breadcrumb":{"@id":"https:\/\/pze.msoft.de\/landing\/#breadcrumb"},"inLanguage":"de","potentialAction":[{"@type":"ReadAction","target":["https:\/\/pze.msoft.de\/landing\/"]}]},{"@type":"ImageObject","inLanguage":"de","@id":"https:\/\/pze.msoft.de\/landing\/#primaryimage","url":"https:\/\/pze.msoft.de\/landing\/wp-content\/uploads\/sites\/6\/2022\/10\/m-soft-landingbackground-construction.jpg","contentUrl":"https:\/\/pze.msoft.de\/landing\/wp-content\/uploads\/sites\/6\/2022\/10\/m-soft-landingbackground-construction.jpg","width":1920,"height":1280},{"@type":"BreadcrumbList","@id":"https:\/\/pze.msoft.de\/landing\/#breadcrumb","itemListElement":[{"@type":"ListItem","position":1,"name":"Startseite","item":"https:\/\/pze.msoft.de\/landing\/"},{"@type":"ListItem","position":2,"name":"M-SOFT Software-L\u00f6sungen f\u00fcr das Handwerk"}]},{"@type":"WebSite","@id":"https:\/\/pze.msoft.de\/landing\/#website","url":"https:\/\/pze.msoft.de\/landing\/","name":"M-SOFT Software-L\u00f6sungen","description":"Digitale Branchenl\u00f6sungen f\u00fcr Dachdecker, Holzbau, Zimmerei, Elektro, SHK, Metallbau und Anlagen &amp; Maschinenbau sowie Handel","publisher":{"@id":"https:\/\/pze.msoft.de\/landing\/#organization"},"potentialAction":[{"@type":"SearchAction","target":{"@type":"EntryPoint","urlTemplate":"https:\/\/pze.msoft.de\/landing\/?s={search_term_string}"},"query-input":{"@type":"PropertyValueSpecification","valueRequired":true,"valueName":"search_term_string"}}],"inLanguage":"de"},{"@type":"Organization","@id":"https:\/\/pze.msoft.de\/landing\/#organization","name":"M-SOFT Software-L\u00f6sungen","url":"https:\/\/pze.msoft.de\/landing\/","logo":{"@type":"ImageObject","inLanguage":"de","@id":"https:\/\/pze.msoft.de\/landing\/#\/schema\/logo\/image\/","url":"https:\/\/pze.msoft.de\/landing\/wp-content\/uploads\/sites\/6\/2024\/12\/M-SOFT@2x.png","contentUrl":"https:\/\/pze.msoft.de\/landing\/wp-content\/uploads\/sites\/6\/2024\/12\/M-SOFT@2x.png","width":768,"height":222,"caption":"M-SOFT Software-L\u00f6sungen"},"image":{"@id":"https:\/\/pze.msoft.de\/landing\/#\/schema\/logo\/image\/"}}]}},"publishpress_future_action":{"enabled":false,"date":"2026-05-07 12:20:36","action":"change-status","newStatus":"draft","terms":[],"taxonomy":"","extraData":[]},"publishpress_future_workflow_manual_trigger":{"enabledWorkflows":[]},"_links":{"self":[{"href":"https:\/\/pze.msoft.de\/landing\/wp-json\/wp\/v2\/pages\/18","targetHints":{"allow":["GET"]}}],"collection":[{"href":"https:\/\/pze.msoft.de\/landing\/wp-json\/wp\/v2\/pages"}],"about":[{"href":"https:\/\/pze.msoft.de\/landing\/wp-json\/wp\/v2\/types\/page"}],"author":[{"embeddable":true,"href":"https:\/\/pze.msoft.de\/landing\/wp-json\/wp\/v2\/users\/3"}],"replies":[{"embeddable":true,"href":"https:\/\/pze.msoft.de\/landing\/wp-json\/wp\/v2\/comments?post=18"}],"version-history":[{"count":0,"href":"https:\/\/pze.msoft.de\/landing\/wp-json\/wp\/v2\/pages\/18\/revisions"}],"wp:attachment":[{"href":"https:\/\/pze.msoft.de\/landing\/wp-json\/wp\/v2\/media?parent=18"}],"curies":[{"name":"wp","href":"https:\/\/api.w.org\/{rel}","templated":true}]}}